{"id":18790,"date":"2024-10-16T10:50:51","date_gmt":"2024-10-16T10:50:51","guid":{"rendered":"https:\/\/workbao.net\/?page_id=18790"},"modified":"2024-12-14T06:06:15","modified_gmt":"2024-12-14T06:06:15","slug":"home","status":"publish","type":"page","link":"https:\/\/workbao.net\/fr\/home\/","title":{"rendered":"Maison"},"content":{"rendered":"<h2>Le contenu de la zone d&#039;image glisse vers le bas<\/h2>\n<p>Ce style \u00e9tonnant vous permettra d&#039;ajouter le contenu de votre zone d&#039;image en glissant vers le bas en pla\u00e7ant simplement votre souris sur la zone d&#039;image.<\/p>\n<p>                    <img loading=\"lazy\" decoding=\"async\" width=\"483\" height=\"460\" src=\"https:\/\/workbao.net\/wp-content\/uploads\/2024\/12\/image-accordion-7.jpg\" alt=\"\" \/><\/p>\n<h5>\n                        C&#039;est le titre<br \/>\n                    <\/h5>\n<p>                        Connaissez-vous la hauteur de la bo\u00eete d\u2019image Elementor ? Offrant le meilleur plugin wordpress de bo\u00eete d\u2019image.<br \/>\n                    <img loading=\"lazy\" decoding=\"async\" width=\"483\" height=\"460\" src=\"https:\/\/workbao.net\/wp-content\/uploads\/2024\/12\/image-accordion-14.jpg\" alt=\"\" \/><\/p>\n<h5>\n                        C&#039;est le titre<br \/>\n                    <\/h5>\n<p>                        Offrant la bo\u00eete d&#039;image Elementor avec bouton Nous proposons un \u00e9l\u00e9ment de carrousel de bo\u00eete d&#039;image.<br \/>\n                    <img loading=\"lazy\" decoding=\"async\" width=\"483\" height=\"460\" src=\"https:\/\/workbao.net\/wp-content\/uploads\/2024\/12\/image-accordion-10.jpg\" alt=\"\" \/><\/p>\n<h5>\n                        C&#039;est le titre<br \/>\n                    <\/h5>\n<p>                        Savez-vous comment ajouter une zone d&#039;image sur un site Web WordPress avec Elementskit de t\u00e9l\u00e9chargement.                    <\/p>\n<h2>Style hors toile 02<\/h2>\n<p>Ajoutez n&#039;importe quel contenu de la barre lat\u00e9rale \u00e0 votre menu hors canevas qui appara\u00eet<\/p>\n<p>            <a href=\"#\" aria-label=\"menu hors toile\"><br \/>\n                R\u00e9v\u00e9ler le contenu            <\/a><br \/>\n        <!-- offset cart strart --><br \/>\n        <!-- sidebar cart item --><br \/>\n                        <a href=\"#\" aria-label=\"ic\u00f4ne de fermeture\"><br \/>\n                        <\/a><br \/>\n\t\t\t\tModifier le contenu<br \/>\n\t\t\t\t\tCliquez sur le bouton Modifier le contenu pour modifier\/ajouter le contenu.<br \/>\n         <!-- END sidebar widget item --><br \/>\n        <!-- END offset cart strart --><br \/>\n            <a href=\"#\" aria-label=\"menu hors toile\"><br \/>\n                Glisser            <\/a><br \/>\n        <!-- offset cart strart --><br \/>\n        <!-- sidebar cart item --><br \/>\n                        <a href=\"#\" aria-label=\"ic\u00f4ne de fermeture\"><br \/>\n                        <\/a><br \/>\n\t\t\t\tModifier le contenu<br \/>\n\t\t\t\t\tCliquez sur le bouton Modifier le contenu pour modifier\/ajouter le contenu.<br \/>\n         <!-- END sidebar widget item --><br \/>\n        <!-- END offset cart strart --><br \/>\n            <a href=\"#\" aria-label=\"menu hors toile\"><br \/>\n                Pousser le contenu            <\/a><br \/>\n        <!-- offset cart strart --><br \/>\n        <!-- sidebar cart item --><br \/>\n                        <a href=\"#\" aria-label=\"ic\u00f4ne de fermeture\"><br \/>\n                        <\/a><br \/>\n\t\t\t\tModifier le contenu<br \/>\n\t\t\t\t\tCliquez sur le bouton Modifier le contenu pour modifier\/ajouter le contenu.<br \/>\n         <!-- END sidebar widget item --><br \/>\n        <!-- END offset cart strart --><br \/>\n            <a href=\"#\" aria-label=\"menu hors toile\"><br \/>\n                Glisser le long du contenu            <\/a><br \/>\n        <!-- offset cart strart --><br \/>\n        <!-- sidebar cart item --><br \/>\n                        <a href=\"#\" aria-label=\"ic\u00f4ne de fermeture\"><br \/>\n                        <\/a><br \/>\n\t\t\t\tModifier le contenu<br \/>\n\t\t\t\t\tCliquez sur le bouton Modifier le contenu pour modifier\/ajouter le contenu.<br \/>\n         <!-- END sidebar widget item --><br \/>\n        <!-- END offset cart strart --><\/p>\n<p data-ekit-animation-delay-s=\"10\" data-animate-class=\"\">Les tactiques les plus pionni\u00e8res pour construire visuellement hors toile.\t\t\t\t<\/p>\n<h2>Un studio de marketing num\u00e9rique full-stack prim\u00e9<\/h2>\n<p>Lorem ipsum dolor sit amet, consectetur adipiscing elit, sed do eiusmod tempor incididunt ut labore et dolore magna aliqua Lorem ipsum dolor sit amet, consectetur adipiscing elit, sed do eiusmod tempor incididunt ut labore et dolore magna aliqua.<\/p>\n<h3>\n\t\t\t\t\t\t\tNotre vision<br \/>\n\t\t\t\t\t<\/h3>\n<p>\n\t\t\t\t\t\tLorem ipsum dolor sit amet, consectetur adipiscing elit, sed do eiusmod tempor incididunt ut labore et dolore magna aliqua.\t\t\t\t\t<\/p>\n<h3>\n\t\t\t\t\t\t\tNotre mission<br \/>\n\t\t\t\t\t<\/h3>\n<p>\n\t\t\t\t\t\tLorem ipsum dolor sit amet, consectetur adipiscing elit, sed do eiusmod tempor incididunt ut labore et dolore magna aliqua.\t\t\t\t\t<\/p>\n<h3>\n\t\t\t\t\t\t\tNotre processus<br \/>\n\t\t\t\t\t<\/h3>\n<p>\n\t\t\t\t\t\tLorem ipsum dolor sit amet, consectetur adipiscing elit, sed do eiusmod tempor incididunt ut labore et dolore magna aliqua.\t\t\t\t\t<\/p>\n<h2>Entreprise<\/h2>\n<h2>\n\t\t\t\t\t\tIl faut grandir en 2018<br \/>\n\t\t\t\t\t<\/h2>\n\n\n<div class=\"wp-block-query is-layout-flow wp-block-query-is-layout-flow\"><\/div>","protected":false},"excerpt":{"rendered":"<h2>Le contenu de la zone d&#039;image glisse vers le bas<\/h2>\n<p>Ce style \u00e9tonnant vous permettra d&#039;ajouter le contenu de votre zone d&#039;image en glissant vers le bas en pla\u00e7ant simplement votre souris sur la zone d&#039;image.<\/p>\n<p>                    <img loading=\"lazy\" decoding=\"async\" width=\"483\" height=\"460\" src=\"https:\/\/workbao.net\/wp-content\/uploads\/2024\/12\/image-accordion-7.jpg\" alt=\"\" \/><\/p>\n<h5>\n                        C&#039;est le titre<br \/>\n                    <\/h5>\n<p>                        Connaissez-vous la hauteur de la bo\u00eete d\u2019image Elementor ? Offrant le meilleur plugin wordpress de bo\u00eete d\u2019image.<br \/>\n                    <img loading=\"lazy\" decoding=\"async\" width=\"483\" height=\"460\" src=\"https:\/\/workbao.net\/wp-content\/uploads\/2024\/12\/image-accordion-14.jpg\" alt=\"\" \/><\/p>\n<h5>\n                        C&#039;est le titre<br \/>\n                    <\/h5>\n<p>                        Offrant la bo\u00eete d&#039;image Elementor avec bouton Nous proposons un \u00e9l\u00e9ment de carrousel de bo\u00eete d&#039;image.<br \/>\n                    <img loading=\"lazy\" decoding=\"async\" width=\"483\" height=\"460\" src=\"https:\/\/workbao.net\/wp-content\/uploads\/2024\/12\/image-accordion-10.jpg\" alt=\"\" \/><\/p>\n<h5>\n                        C&#039;est le titre<br \/>\n                    <\/h5>\n<p>                        Savez-vous comment ajouter une zone d&#039;image sur un site Web WordPress avec Elementskit de t\u00e9l\u00e9chargement.                    <\/p>\n<h2>Style hors toile 02<\/h2>\n<p>Ajoutez n&#039;importe quel contenu de la barre lat\u00e9rale \u00e0 votre menu hors canevas qui appara\u00eet<\/p>\n<p>            <a href=\"#\" aria-label=\"menu hors toile\"><br \/>\n                R\u00e9v\u00e9ler le contenu            <\/a><br \/>\n        <!-- offset cart strart --><br \/>\n        <!-- sidebar cart item --><br \/>\n                        <a href=\"#\" aria-label=\"ic\u00f4ne de fermeture\"><br \/>\n                        <\/a><br \/>\n\t\t\t\tModifier le contenu<br \/>\n\t\t\t\t\tCliquez sur le bouton Modifier le contenu pour modifier\/ajouter le contenu.<br \/>\n         <!-- END sidebar widget item --><br \/>\n        <!-- END offset cart strart --><br \/>\n            <a href=\"#\" aria-label=\"menu hors toile\"><br \/>\n                Glisser            <\/a><br \/>\n        <!-- offset cart strart --><br \/>\n        <!-- sidebar cart item --><br \/>\n                        <a href=\"#\" aria-label=\"ic\u00f4ne de fermeture\"><br \/>\n                        <\/a><br \/>\n\t\t\t\tModifier le contenu<br \/>\n\t\t\t\t\tCliquez sur le bouton Modifier le contenu pour modifier\/ajouter le contenu.<br \/>\n         <!-- END sidebar widget item --><br \/>\n        <!-- END offset cart strart --><br \/>\n            <a href=\"#\" aria-label=\"menu hors toile\"><br \/>\n                Pousser le contenu            <\/a><br \/>\n        <!-- offset cart strart --><br \/>\n        <!-- sidebar cart item --><br \/>\n                        <a href=\"#\" aria-label=\"ic\u00f4ne de fermeture\"><br \/>\n                        <\/a><br \/>\n\t\t\t\tModifier le contenu<br \/>\n\t\t\t\t\tCliquez sur le bouton Modifier le contenu pour modifier\/ajouter le contenu.<br \/>\n         <!-- END sidebar widget item --><br \/>\n        <!-- END offset cart strart --><br \/>\n            <a href=\"#\" aria-label=\"menu hors toile\"><br \/>\n                Glisser le long du contenu            <\/a><br \/>\n        <!-- offset cart strart --><br \/>\n        <!-- sidebar cart item --><br \/>\n                        <a href=\"#\" aria-label=\"ic\u00f4ne de fermeture\"><br \/>\n                        <\/a><br \/>\n\t\t\t\tModifier le contenu<br \/>\n\t\t\t\t\tCliquez sur le bouton Modifier le contenu pour modifier\/ajouter le contenu.<br \/>\n         <!-- END sidebar widget item --><br \/>\n        <!-- END offset cart strart --><\/p>\n<p data-ekit-animation-delay-s=\"10\" data-animate-class=\"\">Les tactiques les plus pionni\u00e8res pour construire visuellement hors toile.\t\t\t\t<\/p>\n<h2>Un studio de marketing num\u00e9rique full-stack prim\u00e9<\/h2>\n<p>Lorem ipsum dolor sit amet, consectetur adipiscing elit, sed do eiusmod tempor incididunt ut labore et dolore magna aliqua Lorem ipsum dolor sit amet, consectetur adipiscing elit, sed do eiusmod tempor incididunt ut labore et dolore magna aliqua.<\/p>\n<h3>\n\t\t\t\t\t\t\tNotre vision<br \/>\n\t\t\t\t\t<\/h3>\n<p>\n\t\t\t\t\t\tLorem ipsum dolor sit amet, consectetur adipiscing elit, sed do eiusmod tempor incididunt ut labore et dolore magna aliqua.\t\t\t\t\t<\/p>\n<h3>\n\t\t\t\t\t\t\tNotre mission<br \/>\n\t\t\t\t\t<\/h3>\n<p>\n\t\t\t\t\t\tLorem ipsum dolor sit amet, consectetur adipiscing elit, sed do eiusmod tempor incididunt ut labore et dolore magna aliqua.\t\t\t\t\t<\/p>\n<h3>\n\t\t\t\t\t\t\tNotre processus<br \/>\n\t\t\t\t\t<\/h3>\n<p>\n\t\t\t\t\t\tLorem ipsum dolor sit amet, consectetur adipiscing elit, sed do eiusmod tempor incididunt ut labore et dolore magna aliqua.\t\t\t\t\t<\/p>\n<h2>Entreprise<\/h2>\n<h2>\n\t\t\t\t\t\tIl faut grandir en 2018<br \/>\n\t\t\t\t\t<\/h2>","protected":false},"author":3,"featured_media":0,"parent":0,"menu_order":0,"comment_status":"closed","ping_status":"closed","template":"","meta":{"footnotes":""},"class_list":["post-18790","page","type-page","status-publish","hentry"],"yoast_head":"<!-- This site is optimized with the Yoast SEO Premium plugin v24.0 (Yoast SEO v24.0) - https:\/\/yoast.com\/wordpress\/plugins\/seo\/ -->\n<title>Home - Japanese real estate auctioned by the court<\/title>\n<meta name=\"robots\" content=\"index, follow, max-snippet:-1, max-image-preview:large, max-video-preview:-1\" \/>\n<link rel=\"canonical\" href=\"https:\/\/workbao.net\/fr\/home\/\" \/>\n<meta property=\"og:locale\" content=\"fr_FR\" \/>\n<meta property=\"og:type\" content=\"article\" \/>\n<meta property=\"og:title\" content=\"Home\" \/>\n<meta property=\"og:description\" content=\"Image box content slide down This amazing style will allow you to add your image box content slide down with Just placing your mouse over the Image box.                        This is the heading                       Do you know the Elementor image box height? Offering the best image box wordpress plugin.                        This is the heading                       Offering the Elementor image box with button. We are offering image box carousel elementor                        This is the heading                       Do you know how to add image box in WordPress website with elementary. Download Elementskit.           Offcanvas Style 02 Add any sidebar content to your off canvas menu that appears               Reveal Content                                           Edit Content   Click on the Edit Content button to edit\/add the content.                         Slide                                           Edit Content   Click on the Edit Content button to edit\/add the content.                         Push Content                                           Edit Content   Click on the Edit Content button to edit\/add the content.                         Slide Along Content                                           Edit Content   Click on the Edit Content button to edit\/add the content.          The most pioneering tactics to build visually offcanvas.   An award-winning full-stack digital marketing studio Lorem ipsum dolor sit amet, consectetur adipiscing elit, sed do eiusmod tempor incididunt ut labore et dolore magna aliqua Lorem ipsum dolor sit amet, consectetur adipiscing elit, sed do eiusmod tempor incididunt ut labore et dolore magna aliqua.     Our Vision       Lorem ipsum dolor sit amet, consectetur adipiscing elit, sed do eiusmod tempor incididunt ut labore et dolore magna aliqua.       Our Mission       Lorem ipsum dolor sit amet, consectetur adipiscing elit, sed do eiusmod tempor incididunt ut labore et dolore magna aliqua.       Our Process       Lorem ipsum dolor sit amet, consectetur adipiscing elit, sed do eiusmod tempor incididunt ut labore et dolore magna aliqua.   Business    Need to grow in 2018\" \/>\n<meta property=\"og:url\" content=\"https:\/\/workbao.net\/fr\/home\/\" \/>\n<meta property=\"og:site_name\" content=\"Japanese real estate auctioned by the court\" \/>\n<meta property=\"article:publisher\" content=\"https:\/\/www.facebook.com\/profile.php?id=61567565904984\" \/>\n<meta property=\"article:modified_time\" content=\"2024-12-14T06:06:15+00:00\" \/>\n<meta property=\"og:image\" content=\"https:\/\/workbao.net\/wp-content\/uploads\/2024\/12\/image-accordion-7.jpg\" \/>\n<meta name=\"twitter:card\" content=\"summary_large_image\" \/>\n<meta name=\"twitter:label1\" content=\"Dur\u00e9e de lecture estim\u00e9e\" \/>\n\t<meta name=\"twitter:data1\" content=\"1 minute\" \/>\n<script type=\"application\/ld+json\" class=\"yoast-schema-graph\">{\"@context\":\"https:\/\/schema.org\",\"@graph\":[{\"@type\":\"WebPage\",\"@id\":\"https:\/\/workbao.net\/home\/\",\"url\":\"https:\/\/workbao.net\/home\/\",\"name\":\"Home - Japanese real estate auctioned by the court\",\"isPartOf\":{\"@id\":\"https:\/\/workbao.net\/#website\"},\"primaryImageOfPage\":{\"@id\":\"https:\/\/workbao.net\/home\/#primaryimage\"},\"image\":{\"@id\":\"https:\/\/workbao.net\/home\/#primaryimage\"},\"thumbnailUrl\":\"https:\/\/workbao.net\/wp-content\/uploads\/2024\/12\/image-accordion-7.jpg\",\"datePublished\":\"2024-10-16T10:50:51+00:00\",\"dateModified\":\"2024-12-14T06:06:15+00:00\",\"breadcrumb\":{\"@id\":\"https:\/\/workbao.net\/home\/#breadcrumb\"},\"inLanguage\":\"fr-FR\",\"potentialAction\":[{\"@type\":\"ReadAction\",\"target\":[\"https:\/\/workbao.net\/home\/\"]}]},{\"@type\":\"ImageObject\",\"inLanguage\":\"fr-FR\",\"@id\":\"https:\/\/workbao.net\/home\/#primaryimage\",\"url\":\"https:\/\/workbao.net\/wp-content\/uploads\/2024\/12\/image-accordion-7.jpg\",\"contentUrl\":\"https:\/\/workbao.net\/wp-content\/uploads\/2024\/12\/image-accordion-7.jpg\"},{\"@type\":\"BreadcrumbList\",\"@id\":\"https:\/\/workbao.net\/home\/#breadcrumb\",\"itemListElement\":[{\"@type\":\"ListItem\",\"position\":1,\"name\":\"\u9996\u9875\",\"item\":\"https:\/\/workbao.net\/\"},{\"@type\":\"ListItem\",\"position\":2,\"name\":\"Home\"}]},{\"@type\":\"WebSite\",\"@id\":\"https:\/\/workbao.net\/#website\",\"url\":\"https:\/\/workbao.net\/\",\"name\":\"Japanese real estate auctioned by the court\",\"description\":\"\u4e3a\u5168\u7403\u5916\u56fd\u4eba\u6295\u8d44\u65e5\u672c\u4e0d\u52a8\u4ea7\uff0c\u63d0\u4f9b\u6cd5\u9662\uff08\u542b\u653f\u5e9c\uff09\u62cd\u5356\u623f\u4ea7\u4fe1\u606f\u3002\uff08\u63d0\u793a\uff1a1.\u6cd5\u9662\u62cd\u5356\u4ea7\u6743\u6e05\u6670\uff0c\u4ef7\u683c\u4fbf\u5b9c\uff0c\u53ef\u80fd\u6361\u6f0f\u5b9d\u8d1d\uff1b2.\u6295\u6807\u65e5\u672c\u6cd5\u62cd\u623f\uff0c\u8bf7\u9075\u5b88\u65e5\u672c\u6cd5\u9662\u76f8\u5173\u653f\u7b56\u4e0e\u89c4\u5b9a\uff09\",\"publisher\":{\"@id\":\"https:\/\/workbao.net\/#organization\"},\"alternateName\":\"\u65e5\u672c\u6cd5\u9662\u62cd\u5356\u4e0d\u52a8\u4ea7\u4fe1\u606f\u7f51\",\"potentialAction\":[{\"@type\":\"SearchAction\",\"target\":{\"@type\":\"EntryPoint\",\"urlTemplate\":\"https:\/\/workbao.net\/?s={search_term_string}\"},\"query-input\":{\"@type\":\"PropertyValueSpecification\",\"valueRequired\":true,\"valueName\":\"search_term_string\"}}],\"inLanguage\":\"fr-FR\"},{\"@type\":\"Organization\",\"@id\":\"https:\/\/workbao.net\/#organization\",\"name\":\"\u51fa\u6d77\u8d22\u7ecf\u54a8\u8be2\uff08\u6df1\u5733\uff09\u6709\u9650\u516c\u53f8\",\"url\":\"https:\/\/workbao.net\/\",\"logo\":{\"@type\":\"ImageObject\",\"inLanguage\":\"fr-FR\",\"@id\":\"https:\/\/workbao.net\/#\/schema\/logo\/image\/\",\"url\":\"https:\/\/workbao.net\/wp-content\/uploads\/2021\/07\/img2.png\",\"contentUrl\":\"https:\/\/workbao.net\/wp-content\/uploads\/2021\/07\/img2.png\",\"width\":53,\"height\":55,\"caption\":\"\u51fa\u6d77\u8d22\u7ecf\u54a8\u8be2\uff08\u6df1\u5733\uff09\u6709\u9650\u516c\u53f8\"},\"image\":{\"@id\":\"https:\/\/workbao.net\/#\/schema\/logo\/image\/\"},\"sameAs\":[\"https:\/\/www.facebook.com\/profile.php?id=61567565904984\"]}]}<\/script>\n<!-- \/ Yoast SEO Premium plugin. -->","yoast_head_json":{"title":"Home - Japanese real estate auctioned by the court","robots":{"index":"index","follow":"follow","max-snippet":"max-snippet:-1","max-image-preview":"max-image-preview:large","max-video-preview":"max-video-preview:-1"},"canonical":"https:\/\/workbao.net\/fr\/home\/","og_locale":"fr_FR","og_type":"article","og_title":"Home","og_description":"Image box content slide down This amazing style will allow you to add your image box content slide down with Just placing your mouse over the Image box.                        This is the heading                       Do you know the Elementor image box height? Offering the best image box wordpress plugin.                        This is the heading                       Offering the Elementor image box with button. We are offering image box carousel elementor                        This is the heading                       Do you know how to add image box in WordPress website with elementary. Download Elementskit.           Offcanvas Style 02 Add any sidebar content to your off canvas menu that appears               Reveal Content                                           Edit Content   Click on the Edit Content button to edit\/add the content.                         Slide                                           Edit Content   Click on the Edit Content button to edit\/add the content.                         Push Content                                           Edit Content   Click on the Edit Content button to edit\/add the content.                         Slide Along Content                                           Edit Content   Click on the Edit Content button to edit\/add the content.          The most pioneering tactics to build visually offcanvas.   An award-winning full-stack digital marketing studio Lorem ipsum dolor sit amet, consectetur adipiscing elit, sed do eiusmod tempor incididunt ut labore et dolore magna aliqua Lorem ipsum dolor sit amet, consectetur adipiscing elit, sed do eiusmod tempor incididunt ut labore et dolore magna aliqua.     Our Vision       Lorem ipsum dolor sit amet, consectetur adipiscing elit, sed do eiusmod tempor incididunt ut labore et dolore magna aliqua.       Our Mission       Lorem ipsum dolor sit amet, consectetur adipiscing elit, sed do eiusmod tempor incididunt ut labore et dolore magna aliqua.       Our Process       Lorem ipsum dolor sit amet, consectetur adipiscing elit, sed do eiusmod tempor incididunt ut labore et dolore magna aliqua.   Business    Need to grow in 2018","og_url":"https:\/\/workbao.net\/fr\/home\/","og_site_name":"Japanese real estate auctioned by the court","article_publisher":"https:\/\/www.facebook.com\/profile.php?id=61567565904984","article_modified_time":"2024-12-14T06:06:15+00:00","og_image":[{"url":"https:\/\/workbao.net\/wp-content\/uploads\/2024\/12\/image-accordion-7.jpg","type":"","width":"","height":""}],"twitter_card":"summary_large_image","twitter_misc":{"Dur\u00e9e de lecture estim\u00e9e":"1 minute"},"schema":{"@context":"https:\/\/schema.org","@graph":[{"@type":"WebPage","@id":"https:\/\/workbao.net\/home\/","url":"https:\/\/workbao.net\/home\/","name":"Home - Japanese real estate auctioned by the court","isPartOf":{"@id":"https:\/\/workbao.net\/#website"},"primaryImageOfPage":{"@id":"https:\/\/workbao.net\/home\/#primaryimage"},"image":{"@id":"https:\/\/workbao.net\/home\/#primaryimage"},"thumbnailUrl":"https:\/\/workbao.net\/wp-content\/uploads\/2024\/12\/image-accordion-7.jpg","datePublished":"2024-10-16T10:50:51+00:00","dateModified":"2024-12-14T06:06:15+00:00","breadcrumb":{"@id":"https:\/\/workbao.net\/home\/#breadcrumb"},"inLanguage":"fr-FR","potentialAction":[{"@type":"ReadAction","target":["https:\/\/workbao.net\/home\/"]}]},{"@type":"ImageObject","inLanguage":"fr-FR","@id":"https:\/\/workbao.net\/home\/#primaryimage","url":"https:\/\/workbao.net\/wp-content\/uploads\/2024\/12\/image-accordion-7.jpg","contentUrl":"https:\/\/workbao.net\/wp-content\/uploads\/2024\/12\/image-accordion-7.jpg"},{"@type":"BreadcrumbList","@id":"https:\/\/workbao.net\/home\/#breadcrumb","itemListElement":[{"@type":"ListItem","position":1,"name":"\u9996\u9875","item":"https:\/\/workbao.net\/"},{"@type":"ListItem","position":2,"name":"Home"}]},{"@type":"WebSite","@id":"https:\/\/workbao.net\/#website","url":"https:\/\/workbao.net\/","name":"Japanese real estate auctioned by the court","description":"\u4e3a\u5168\u7403\u5916\u56fd\u4eba\u6295\u8d44\u65e5\u672c\u4e0d\u52a8\u4ea7\uff0c\u63d0\u4f9b\u6cd5\u9662\uff08\u542b\u653f\u5e9c\uff09\u62cd\u5356\u623f\u4ea7\u4fe1\u606f\u3002\uff08\u63d0\u793a\uff1a1.\u6cd5\u9662\u62cd\u5356\u4ea7\u6743\u6e05\u6670\uff0c\u4ef7\u683c\u4fbf\u5b9c\uff0c\u53ef\u80fd\u6361\u6f0f\u5b9d\u8d1d\uff1b2.\u6295\u6807\u65e5\u672c\u6cd5\u62cd\u623f\uff0c\u8bf7\u9075\u5b88\u65e5\u672c\u6cd5\u9662\u76f8\u5173\u653f\u7b56\u4e0e\u89c4\u5b9a\uff09","publisher":{"@id":"https:\/\/workbao.net\/#organization"},"alternateName":"\u65e5\u672c\u6cd5\u9662\u62cd\u5356\u4e0d\u52a8\u4ea7\u4fe1\u606f\u7f51","potentialAction":[{"@type":"SearchAction","target":{"@type":"EntryPoint","urlTemplate":"https:\/\/workbao.net\/?s={search_term_string}"},"query-input":{"@type":"PropertyValueSpecification","valueRequired":true,"valueName":"search_term_string"}}],"inLanguage":"fr-FR"},{"@type":"Organization","@id":"https:\/\/workbao.net\/#organization","name":"\u51fa\u6d77\u8d22\u7ecf\u54a8\u8be2\uff08\u6df1\u5733\uff09\u6709\u9650\u516c\u53f8","url":"https:\/\/workbao.net\/","logo":{"@type":"ImageObject","inLanguage":"fr-FR","@id":"https:\/\/workbao.net\/#\/schema\/logo\/image\/","url":"https:\/\/workbao.net\/wp-content\/uploads\/2021\/07\/img2.png","contentUrl":"https:\/\/workbao.net\/wp-content\/uploads\/2021\/07\/img2.png","width":53,"height":55,"caption":"\u51fa\u6d77\u8d22\u7ecf\u54a8\u8be2\uff08\u6df1\u5733\uff09\u6709\u9650\u516c\u53f8"},"image":{"@id":"https:\/\/workbao.net\/#\/schema\/logo\/image\/"},"sameAs":["https:\/\/www.facebook.com\/profile.php?id=61567565904984"]}]}},"publishpress_future_workflow_manual_trigger":{"enabledWorkflows":[]},"rttpg_featured_image_url":null,"rttpg_author":{"display_name":"qdshow","author_link":"https:\/\/workbao.net\/fr\/author\/qdshow\/"},"rttpg_comment":0,"rttpg_category":null,"rttpg_excerpt":"Image box content slide down This amazing style will al\u2026","_links":{"self":[{"href":"https:\/\/workbao.net\/fr\/wp-json\/wp\/v2\/pages\/18790","targetHints":{"allow":["GET"]}}],"collection":[{"href":"https:\/\/workbao.net\/fr\/wp-json\/wp\/v2\/pages"}],"about":[{"href":"https:\/\/workbao.net\/fr\/wp-json\/wp\/v2\/types\/page"}],"author":[{"embeddable":true,"href":"https:\/\/workbao.net\/fr\/wp-json\/wp\/v2\/users\/3"}],"replies":[{"embeddable":true,"href":"https:\/\/workbao.net\/fr\/wp-json\/wp\/v2\/comments?post=18790"}],"version-history":[{"count":0,"href":"https:\/\/workbao.net\/fr\/wp-json\/wp\/v2\/pages\/18790\/revisions"}],"wp:attachment":[{"href":"https:\/\/workbao.net\/fr\/wp-json\/wp\/v2\/media?parent=18790"}],"curies":[{"name":"wp","href":"https:\/\/api.w.org\/{rel}","templated":true}]}}