{"id":3838,"date":"2024-06-04T10:43:31","date_gmt":"2024-06-04T10:43:31","guid":{"rendered":"https:\/\/workbao.net\/?page_id=3838"},"modified":"2024-08-01T04:50:38","modified_gmt":"2024-08-01T04:50:38","slug":"understand","status":"publish","type":"page","link":"https:\/\/workbao.net\/fr\/comprendre\/","title":{"rendered":"Apprenez \u00e0 nous conna\u00eetre"},"content":{"rendered":"<style type='text\/css' media='all'>#rt-tpg-container-1826625931 .rt-holder .rt-woo-info .price{color:#0367bf;}body .rt-tpg-container .rt-tpg-isotope-buttons .selected,\n\t\t\t\t\t#rt-tpg-container-1826625931 .layout12 .rt-holder:hover .rt-detail,\n\t\t\t\t\t#rt-tpg-container-1826625931 .isotope8 .rt-holder:hover .rt-detail,\n\t\t\t\t\t#rt-tpg-container-1826625931 .carousel8 .rt-holder:hover .rt-detail,\n\t\t\t\t\t#rt-tpg-container-1826625931 .layout13 .rt-holder .overlay .post-info,\n\t\t\t\t\t#rt-tpg-container-1826625931 .isotope9 .rt-holder .overlay .post-info,\n\t\t\t\t\t#rt-tpg-container-1826625931.rt-tpg-container .layout4 .rt-holder .rt-detail,\n\t\t\t\t\t.rt-modal-1826625931 .md-content,\n\t\t\t\t\t.rt-modal-1826625931 .md-content > .rt-md-content-holder .rt-md-content,\n\t\t\t\t\t.rt-popup-wrap-1826625931.rt-popup-wrap .rt-popup-navigation-wrap,\n\t\t\t\t\t#rt-tpg-container-1826625931 .carousel9 .rt-holder .overlay .post-info{background-color:#0367bf;}#rt-tpg-container-1826625931 .layout5 .rt-holder .overlay, #rt-tpg-container-1826625931 .isotope2 .rt-holder .overlay, #rt-tpg-container-1826625931 .carousel2 .rt-holder .overlay,#rt-tpg-container-1826625931 .layout15 .rt-holder h3, #rt-tpg-container-1826625931 .isotope11 .rt-holder h3, #rt-tpg-container-1826625931 .carousel11 .rt-holder h3, #rt-tpg-container-1826625931 .layout16 .rt-holder h3,\n\t\t\t\t\t#rt-tpg-container-1826625931 .isotope12 .rt-holder h3, #rt-tpg-container-1826625931 .carousel12 .rt-holder h3 {background-color:rgba(3,103,191,0.8);}#rt-tpg-container-1826625931 .read-more a{border-radius:5px;}#rt-tpg-container-1826625931 .rt-img-holder img.rt-img-responsive,#rt-tpg-container-1826625931 .rt-img-holder,\n\t\t\t\t\t#rt-tpg-container-1826625931 .rt-post-overlay .post-img,\n\t\t\t\t\t#rt-tpg-container-1826625931 .post-sm .post-img,\n\t\t\t\t\t#rt-tpg-container-1826625931 .rt-post-grid .post-img,\n\t\t\t\t\t#rt-tpg-container-1826625931 .post-img img {border-radius:px;}<\/style><div class='rt-container-fluid rt-tpg-container tpg-shortcode-main-wrapper' id='rt-tpg-container-1826625931'   data-layout='layout5' data-grid-style='even' data-desktop-col='3'  data-tab-col='2'  data-mobile-col='1' data-sc-id='14568'><div class=\"tpg-widget-heading-wrapper heading-style1\"><span class=\"tpg-widget-heading-line line-left\"><\/span><h2 class=\"tpg-widget-heading\">\u00e0 propos de nous<\/h2><span class=\"tpg-widget-heading-line\"><\/span><\/div><div data-title='Loading ...' class='rt-row rt-content-loader   layout5 tpg-even'><div class=\"rt-col-md-4 rt-col-sm-6 rt-col-xs-12 even-grid-item rt-grid-item\" data-id=\"18792\"><div class=\"rt-holder\"><div class=\"overlay\"><h3 class=\"entry-title\"><a data-id=\"18792\" class=\"\" href=\"https:\/\/workbao.net\/fr\/\u6309\u6761\u4ef6\u641c\u7d22\/\" target='_blank'>Requ\u00eate par condition<\/a><\/h3><span class='post-meta-user'><span class='date-meta'><i class='far fa-calendar-alt'><\/i>11 ao\u00fbt 2024<\/span><span class='author'><i class='fa fa-user'><\/i><a href=\"https:\/\/workbao.net\/fr\/author\/qdshow\/\">qdshow<\/a><\/span><span class='categories-links'><i class='fas fa-folder-open'><\/i><a class=\"about-us\" href=\"https:\/\/workbao.net\/fr\/sujets\/about-us\/\" rel=\"tag\">\u00e0 propos de nous<\/a><\/span><span class=\"comment-count\"><i class='fas fa-comments'><\/i>(0)<\/span><\/span><div class='rt-detail'><div class='tpg-excerpt'>...<\/div><div class='post-meta'><span class='read-more'><a data-id='18792' class='' href='https:\/\/workbao.net\/fr\/\u6309\u6761\u4ef6\u641c\u7d22\/' target='_blank'>Allez v\u00e9rifier &gt;&gt;<\/a><\/span><\/div><\/div><\/div> <\/div><\/div><div class=\"rt-col-md-4 rt-col-sm-6 rt-col-xs-12 even-grid-item rt-grid-item\" data-id=\"3\"><div class=\"rt-holder\"><div class=\"overlay\"><h3 class=\"entry-title\"><a data-id=\"3\" class=\"\" href=\"https:\/\/workbao.net\/fr\/yinsi\/\" target='_blank'>politique de confidentialit\u00e9<\/a><\/h3><span class='post-meta-user'><span class='date-meta'><i class='far fa-calendar-alt'><\/i>28 mai 2024<\/span><span class='author'><i class='fa fa-user'><\/i><a href=\"https:\/\/workbao.net\/fr\/author\/kaidog\/\">Professeur Chen<\/a><\/span><span class='categories-links'><i class='fas fa-folder-open'><\/i><a class=\"about-us\" href=\"https:\/\/workbao.net\/fr\/sujets\/about-us\/\" rel=\"tag\">\u00e0 propos de nous<\/a><\/span><span class=\"comment-count\"><i class='fas fa-comments'><\/i>(0)<\/span><\/span><div class='rt-detail'><div class='tpg-excerpt'>Qui sommes-nous ? Nous sommes un fournisseur d&#039;informations et un fournisseur de services pour les Chinois qui soumissionnent pour des biens immobiliers \u00e0 l&#039;\u00e9tranger. L&#039;adresse de notre site est : https:\/\/workbao.net. Commentaires Lorsque les visiteurs laissent des commentaires, nous collectons les donn\u00e9es affich\u00e9es dans le formulaire de commentaires, ainsi que l&#039;adresse IP du visiteur et la cha\u00eene User-Agent du navigateur pour faciliter la d\u00e9tection du spam. Une cha\u00eene anonymis\u00e9e g\u00e9n\u00e9r\u00e9e \u00e0 partir de votre adresse e-mail (\u00e9galement appel\u00e9e hachage) peut \u00eatre fournie au service Gravatar pour confirmer votre utilisation du service. La politique de confidentialit\u00e9 du service Gravatar est ici : https:\/\/automattic.com\/privacy\/. Apr\u00e8s approbation de votre commentaire, votre photo de profil sera affich\u00e9e publiquement \u00e0 c\u00f4t\u00e9 de votre commentaire. M\u00e9dias Si vous t\u00e9l\u00e9chargez des images sur ce site, vous devez \u00e9viter de t\u00e9l\u00e9charger des images contenant des informations de g\u00e9olocalisation int\u00e9gr\u00e9es (EXIF GPS). Les visiteurs de ce site pourront t\u00e9l\u00e9charger et extraire des informations de localisation \u00e0 partir des images de ce site. Cookies Si vous laissez un commentaire sur notre site, vous pouvez choisir d&#039;enregistrer votre nom, votre adresse e-mail et l&#039;adresse de votre site Web dans des cookies. Ceci est pour votre commodit\u00e9 en n&#039;ayant pas \u00e0 remplir \u00e0 nouveau les champs concern\u00e9s lorsque vous commentez. Ces cookies resteront disponibles pendant un an. Si vous visitez notre page de connexion, nous installerons un cookie temporaire...<\/div><div class='post-meta'><span class='read-more'><a data-id='3' class='' href='https:\/\/workbao.net\/fr\/yinsi\/' target='_blank'>Allez v\u00e9rifier &gt;&gt;<\/a><\/span><\/div><\/div><\/div> <\/div><\/div><div class=\"rt-col-md-4 rt-col-sm-6 rt-col-xs-12 even-grid-item rt-grid-item\" data-id=\"67\"><div class=\"rt-holder\"><div class=\"overlay\"><h3 class=\"entry-title\"><a data-id=\"67\" class=\"\" href=\"https:\/\/workbao.net\/fr\/contact\/\" target='_blank'>Nos coordonn\u00e9es<\/a><\/h3><span class='post-meta-user'><span class='date-meta'><i class='far fa-calendar-alt'><\/i>29 mai 2024<\/span><span class='author'><i class='fa fa-user'><\/i><a href=\"https:\/\/workbao.net\/fr\/author\/qdshow\/\">qdshow<\/a><\/span><span class='categories-links'><i class='fas fa-folder-open'><\/i><a class=\"about-us\" href=\"https:\/\/workbao.net\/fr\/sujets\/about-us\/\" rel=\"tag\">\u00e0 propos de nous<\/a><\/span><span class=\"comment-count\"><i class='fas fa-comments'><\/i>(0)<\/span><\/span><div class='rt-detail'><div class='tpg-excerpt'>Responsable marketing : Mme Yang T\u00e9l\u00e9phone portable : 15194256281 ID WeChat : yfy_sco Responsable juridique : Mme Tang T\u00e9l\u00e9phone portable : 13061333819 ID WeChat : thh654631476 Vente aux ench\u00e8res dans la ville de Kishiwada, pr\u00e9fecture d&#039;Osaka : 60 000 yens Terrain de 297 m\u00e8tres carr\u00e9s Vente aux ench\u00e8res dans la ville de Kamitomita, Nishimolo-gun , Pr\u00e9fecture de Wakayama : 3,88 millions de yens par maison 142 M\u00e8tres carr\u00e9s....<\/div><div class='post-meta'><span class='read-more'><a data-id='67' class='' href='https:\/\/workbao.net\/fr\/contact\/' target='_blank'>Allez v\u00e9rifier &gt;&gt;<\/a><\/span><\/div><\/div><\/div> <a data-id='67' class='' href='https:\/\/workbao.net\/fr\/contact\/' target='_blank'><img loading=\"lazy\" decoding=\"async\" width=\"310\" height=\"233\" src=\"https:\/\/workbao.net\/wp-content\/uploads\/2024\/07\/5c82a32f3bdc5e0ae3a7c0ef968d09f6.jpg\" class=\"rt-img-responsive\" alt=\"\" \/><\/a><\/div><\/div><div class=\"rt-col-md-4 rt-col-sm-6 rt-col-xs-12 even-grid-item rt-grid-item\" data-id=\"18788\"><div class=\"rt-holder\"><div class=\"overlay\"><h3 class=\"entry-title\"><a data-id=\"18788\" class=\"\" href=\"https:\/\/workbao.net\/fr\/\u62db\u8d24\u7eb3\u58eb\/\" target='_blank'>Recrutement<\/a><\/h3><span class='post-meta-user'><span class='date-meta'><i class='far fa-calendar-alt'><\/i>11 ao\u00fbt 2024<\/span><span class='author'><i class='fa fa-user'><\/i><a href=\"https:\/\/workbao.net\/fr\/author\/qdshow\/\">qdshow<\/a><\/span><span class='categories-links'><i class='fas fa-folder-open'><\/i><a class=\"about-us\" href=\"https:\/\/workbao.net\/fr\/sujets\/about-us\/\" rel=\"tag\">\u00e0 propos de nous<\/a><\/span><span class=\"comment-count\"><i class='fas fa-comments'><\/i>(0)<\/span><\/span><div class='rt-detail'><div class='tpg-excerpt'>Nous recrutons sinc\u00e8rement les personnes exceptionnelles suivantes pour cr\u00e9er des carri\u00e8res en investissement \u00e0 l&#039;\u00e9tranger\u00a0! 1. Exigences pour 2 personnels de publicit\u00e9 d&#039;information\u00a0: 1. Baccalaur\u00e9at ou sup\u00e9rieur\u00a0; 2. Ma\u00eetrise de la publicit\u00e9 auto-m\u00e9diatique, de la r\u00e9daction de comptes officiels WeChat et du montage vid\u00e9o court 3. Ma\u00eetrise du japonais, avec un niveau de japonais N2 ou sup\u00e9rieur\u00a0; 2. Exigences pour 2 membres du personnel de maintenance du site Web\u00a0: 1. Familiaris\u00e9 avec la programmation informatique 2. Ma\u00eetrise du codage d&#039;applet WeChat\u00a0; ...<\/div><div class='post-meta'><span class='read-more'><a data-id='18788' class='' href='https:\/\/workbao.net\/fr\/\u62db\u8d24\u7eb3\u58eb\/' target='_blank'>Allez v\u00e9rifier &gt;&gt;<\/a><\/span><\/div><\/div><\/div> <\/div><\/div><div class=\"rt-col-md-4 rt-col-sm-6 rt-col-xs-12 even-grid-item rt-grid-item\" data-id=\"61\"><div class=\"rt-holder\"><div class=\"overlay\"><h3 class=\"entry-title\"><a data-id=\"61\" class=\"\" href=\"https:\/\/workbao.net\/fr\/japon_nous\/\" target='_blank'>Pr\u00e9sentation de l&#039;entreprise japonaise<\/a><\/h3><span class='post-meta-user'><span class='date-meta'><i class='far fa-calendar-alt'><\/i>29 mai 2024<\/span><span class='author'><i class='fa fa-user'><\/i><a href=\"https:\/\/workbao.net\/fr\/author\/qdshow\/\">qdshow<\/a><\/span><span class='categories-links'><i class='fas fa-folder-open'><\/i><a class=\"about-us\" href=\"https:\/\/workbao.net\/fr\/sujets\/about-us\/\" rel=\"tag\">\u00e0 propos de nous<\/a><\/span><span class=\"comment-count\"><i class='fas fa-comments'><\/i>(0)<\/span><\/span><div class='rt-detail'><div class='tpg-excerpt'>...<\/div><div class='post-meta'><span class='read-more'><a data-id='61' class='' href='https:\/\/workbao.net\/fr\/japon_nous\/' target='_blank'>Allez v\u00e9rifier &gt;&gt;<\/a><\/span><\/div><\/div><\/div> <a data-id='61' class='' href='https:\/\/workbao.net\/fr\/japon_nous\/' target='_blank'><img loading=\"lazy\" decoding=\"async\" width=\"310\" height=\"206\" src=\"https:\/\/workbao.net\/wp-content\/uploads\/2024\/07\/5b3ba8e4ce82457ac19f18682c9d6de2.jpg\" class=\"rt-img-responsive\" alt=\"\" \/><\/a><\/div><\/div><div class=\"rt-col-md-4 rt-col-sm-6 rt-col-xs-12 even-grid-item rt-grid-item\" data-id=\"66\"><div class=\"rt-holder\"><div class=\"overlay\"><h3 class=\"entry-title\"><a data-id=\"66\" class=\"\" href=\"https:\/\/workbao.net\/fr\/china_us\/\" target='_blank'>Pr\u00e9sentation de l&#039;entreprise chinoise<\/a><\/h3><span class='post-meta-user'><span class='date-meta'><i class='far fa-calendar-alt'><\/i>29 mai 2024<\/span><span class='author'><i class='fa fa-user'><\/i><a href=\"https:\/\/workbao.net\/fr\/author\/qdshow\/\">qdshow<\/a><\/span><span class='categories-links'><i class='fas fa-folder-open'><\/i><a class=\"about-us\" href=\"https:\/\/workbao.net\/fr\/sujets\/about-us\/\" rel=\"tag\">\u00e0 propos de nous<\/a><\/span><span class=\"comment-count\"><i class='fas fa-comments'><\/i>(0)<\/span><\/span><div class='rt-detail'><div class='tpg-excerpt'>...<\/div><div class='post-meta'><span class='read-more'><a data-id='66' class='' href='https:\/\/workbao.net\/fr\/china_us\/' target='_blank'>Allez v\u00e9rifier &gt;&gt;<\/a><\/span><\/div><\/div><\/div> <a data-id='66' class='' href='https:\/\/workbao.net\/fr\/china_us\/' target='_blank'><img loading=\"lazy\" decoding=\"async\" width=\"310\" height=\"190\" src=\"https:\/\/workbao.net\/wp-content\/uploads\/2024\/07\/04bae39373dddd8f6df7c99e476c94ac.jpg\" class=\"rt-img-responsive\" alt=\"\" \/><\/a><\/div><\/div><\/div><\/div>","protected":false},"excerpt":{"rendered":"","protected":false},"author":3,"featured_media":13872,"parent":0,"menu_order":0,"comment_status":"closed","ping_status":"closed","template":"","meta":{"footnotes":""},"class_list":["post-3838","page","type-page","status-publish","has-post-thumbnail","hentry"],"yoast_head":"<!-- This site is optimized with the Yoast SEO Premium plugin v24.0 (Yoast SEO v24.0) - https:\/\/yoast.com\/wordpress\/plugins\/seo\/ -->\n<title>\u4e86\u89e3\u6211\u4eec - Japanese real estate auctioned by the court<\/title>\n<meta name=\"robots\" content=\"index, follow, max-snippet:-1, max-image-preview:large, max-video-preview:-1\" \/>\n<link rel=\"canonical\" href=\"https:\/\/workbao.net\/fr\/comprendre\/\" \/>\n<meta property=\"og:locale\" content=\"fr_FR\" \/>\n<meta property=\"og:type\" content=\"article\" \/>\n<meta property=\"og:title\" content=\"\u4e86\u89e3\u6211\u4eec\" \/>\n<meta property=\"og:url\" content=\"https:\/\/workbao.net\/fr\/comprendre\/\" \/>\n<meta property=\"og:site_name\" content=\"Japanese real estate auctioned by the court\" \/>\n<meta property=\"article:publisher\" content=\"https:\/\/www.facebook.com\/profile.php?id=61567565904984\" \/>\n<meta property=\"article:modified_time\" content=\"2024-08-01T04:50:38+00:00\" \/>\n<meta property=\"og:image\" content=\"https:\/\/workbao.net\/wp-content\/uploads\/2024\/07\/63a3ecfb59efd460cdfae249045a564a.jpg\" \/>\n\t<meta property=\"og:image:width\" content=\"310\" \/>\n\t<meta property=\"og:image:height\" content=\"198\" \/>\n\t<meta property=\"og:image:type\" content=\"image\/jpeg\" \/>\n<meta name=\"twitter:card\" content=\"summary_large_image\" \/>\n<script type=\"application\/ld+json\" class=\"yoast-schema-graph\">{\"@context\":\"https:\/\/schema.org\",\"@graph\":[{\"@type\":\"WebPage\",\"@id\":\"https:\/\/workbao.net\/understand\/\",\"url\":\"https:\/\/workbao.net\/understand\/\",\"name\":\"\u4e86\u89e3\u6211\u4eec - Japanese real estate auctioned by the court\",\"isPartOf\":{\"@id\":\"https:\/\/workbao.net\/#website\"},\"primaryImageOfPage\":{\"@id\":\"https:\/\/workbao.net\/understand\/#primaryimage\"},\"image\":{\"@id\":\"https:\/\/workbao.net\/understand\/#primaryimage\"},\"thumbnailUrl\":\"https:\/\/workbao.net\/wp-content\/uploads\/2024\/07\/63a3ecfb59efd460cdfae249045a564a.jpg\",\"datePublished\":\"2024-06-04T10:43:31+00:00\",\"dateModified\":\"2024-08-01T04:50:38+00:00\",\"breadcrumb\":{\"@id\":\"https:\/\/workbao.net\/understand\/#breadcrumb\"},\"inLanguage\":\"fr-FR\",\"potentialAction\":[{\"@type\":\"ReadAction\",\"target\":[\"https:\/\/workbao.net\/understand\/\"]}]},{\"@type\":\"ImageObject\",\"inLanguage\":\"fr-FR\",\"@id\":\"https:\/\/workbao.net\/understand\/#primaryimage\",\"url\":\"https:\/\/workbao.net\/wp-content\/uploads\/2024\/07\/63a3ecfb59efd460cdfae249045a564a.jpg\",\"contentUrl\":\"https:\/\/workbao.net\/wp-content\/uploads\/2024\/07\/63a3ecfb59efd460cdfae249045a564a.jpg\",\"width\":310,\"height\":198},{\"@type\":\"BreadcrumbList\",\"@id\":\"https:\/\/workbao.net\/understand\/#breadcrumb\",\"itemListElement\":[{\"@type\":\"ListItem\",\"position\":1,\"name\":\"\u9996\u9875\",\"item\":\"https:\/\/workbao.net\/\"},{\"@type\":\"ListItem\",\"position\":2,\"name\":\"\u4e86\u89e3\u6211\u4eec\"}]},{\"@type\":\"WebSite\",\"@id\":\"https:\/\/workbao.net\/#website\",\"url\":\"https:\/\/workbao.net\/\",\"name\":\"Japanese real estate auctioned by the court\",\"description\":\"\u4e3a\u5168\u7403\u5916\u56fd\u4eba\u6295\u8d44\u65e5\u672c\u4e0d\u52a8\u4ea7\uff0c\u63d0\u4f9b\u6cd5\u9662\uff08\u542b\u653f\u5e9c\uff09\u62cd\u5356\u623f\u4ea7\u4fe1\u606f\u3002\uff08\u63d0\u793a\uff1a1.\u6cd5\u9662\u62cd\u5356\u4ea7\u6743\u6e05\u6670\uff0c\u4ef7\u683c\u4fbf\u5b9c\uff0c\u53ef\u80fd\u6361\u6f0f\u5b9d\u8d1d\uff1b2.\u6295\u6807\u65e5\u672c\u6cd5\u62cd\u623f\uff0c\u8bf7\u9075\u5b88\u65e5\u672c\u6cd5\u9662\u76f8\u5173\u653f\u7b56\u4e0e\u89c4\u5b9a\uff09\",\"publisher\":{\"@id\":\"https:\/\/workbao.net\/#organization\"},\"alternateName\":\"\u65e5\u672c\u6cd5\u9662\u62cd\u5356\u4e0d\u52a8\u4ea7\u4fe1\u606f\u7f51\",\"potentialAction\":[{\"@type\":\"SearchAction\",\"target\":{\"@type\":\"EntryPoint\",\"urlTemplate\":\"https:\/\/workbao.net\/?s={search_term_string}\"},\"query-input\":{\"@type\":\"PropertyValueSpecification\",\"valueRequired\":true,\"valueName\":\"search_term_string\"}}],\"inLanguage\":\"fr-FR\"},{\"@type\":\"Organization\",\"@id\":\"https:\/\/workbao.net\/#organization\",\"name\":\"\u51fa\u6d77\u8d22\u7ecf\u54a8\u8be2\uff08\u6df1\u5733\uff09\u6709\u9650\u516c\u53f8\",\"url\":\"https:\/\/workbao.net\/\",\"logo\":{\"@type\":\"ImageObject\",\"inLanguage\":\"fr-FR\",\"@id\":\"https:\/\/workbao.net\/#\/schema\/logo\/image\/\",\"url\":\"https:\/\/workbao.net\/wp-content\/uploads\/2021\/07\/img2.png\",\"contentUrl\":\"https:\/\/workbao.net\/wp-content\/uploads\/2021\/07\/img2.png\",\"width\":53,\"height\":55,\"caption\":\"\u51fa\u6d77\u8d22\u7ecf\u54a8\u8be2\uff08\u6df1\u5733\uff09\u6709\u9650\u516c\u53f8\"},\"image\":{\"@id\":\"https:\/\/workbao.net\/#\/schema\/logo\/image\/\"},\"sameAs\":[\"https:\/\/www.facebook.com\/profile.php?id=61567565904984\"]}]}<\/script>\n<!-- \/ Yoast SEO Premium plugin. -->","yoast_head_json":{"title":"\u4e86\u89e3\u6211\u4eec - Japanese real estate auctioned by the court","robots":{"index":"index","follow":"follow","max-snippet":"max-snippet:-1","max-image-preview":"max-image-preview:large","max-video-preview":"max-video-preview:-1"},"canonical":"https:\/\/workbao.net\/fr\/comprendre\/","og_locale":"fr_FR","og_type":"article","og_title":"\u4e86\u89e3\u6211\u4eec","og_url":"https:\/\/workbao.net\/fr\/comprendre\/","og_site_name":"Japanese real estate auctioned by the court","article_publisher":"https:\/\/www.facebook.com\/profile.php?id=61567565904984","article_modified_time":"2024-08-01T04:50:38+00:00","og_image":[{"width":310,"height":198,"url":"https:\/\/workbao.net\/wp-content\/uploads\/2024\/07\/63a3ecfb59efd460cdfae249045a564a.jpg","type":"image\/jpeg"}],"twitter_card":"summary_large_image","schema":{"@context":"https:\/\/schema.org","@graph":[{"@type":"WebPage","@id":"https:\/\/workbao.net\/understand\/","url":"https:\/\/workbao.net\/understand\/","name":"\u4e86\u89e3\u6211\u4eec - Japanese real estate auctioned by the court","isPartOf":{"@id":"https:\/\/workbao.net\/#website"},"primaryImageOfPage":{"@id":"https:\/\/workbao.net\/understand\/#primaryimage"},"image":{"@id":"https:\/\/workbao.net\/understand\/#primaryimage"},"thumbnailUrl":"https:\/\/workbao.net\/wp-content\/uploads\/2024\/07\/63a3ecfb59efd460cdfae249045a564a.jpg","datePublished":"2024-06-04T10:43:31+00:00","dateModified":"2024-08-01T04:50:38+00:00","breadcrumb":{"@id":"https:\/\/workbao.net\/understand\/#breadcrumb"},"inLanguage":"fr-FR","potentialAction":[{"@type":"ReadAction","target":["https:\/\/workbao.net\/understand\/"]}]},{"@type":"ImageObject","inLanguage":"fr-FR","@id":"https:\/\/workbao.net\/understand\/#primaryimage","url":"https:\/\/workbao.net\/wp-content\/uploads\/2024\/07\/63a3ecfb59efd460cdfae249045a564a.jpg","contentUrl":"https:\/\/workbao.net\/wp-content\/uploads\/2024\/07\/63a3ecfb59efd460cdfae249045a564a.jpg","width":310,"height":198},{"@type":"BreadcrumbList","@id":"https:\/\/workbao.net\/understand\/#breadcrumb","itemListElement":[{"@type":"ListItem","position":1,"name":"\u9996\u9875","item":"https:\/\/workbao.net\/"},{"@type":"ListItem","position":2,"name":"\u4e86\u89e3\u6211\u4eec"}]},{"@type":"WebSite","@id":"https:\/\/workbao.net\/#website","url":"https:\/\/workbao.net\/","name":"Japanese real estate auctioned by the court","description":"\u4e3a\u5168\u7403\u5916\u56fd\u4eba\u6295\u8d44\u65e5\u672c\u4e0d\u52a8\u4ea7\uff0c\u63d0\u4f9b\u6cd5\u9662\uff08\u542b\u653f\u5e9c\uff09\u62cd\u5356\u623f\u4ea7\u4fe1\u606f\u3002\uff08\u63d0\u793a\uff1a1.\u6cd5\u9662\u62cd\u5356\u4ea7\u6743\u6e05\u6670\uff0c\u4ef7\u683c\u4fbf\u5b9c\uff0c\u53ef\u80fd\u6361\u6f0f\u5b9d\u8d1d\uff1b2.\u6295\u6807\u65e5\u672c\u6cd5\u62cd\u623f\uff0c\u8bf7\u9075\u5b88\u65e5\u672c\u6cd5\u9662\u76f8\u5173\u653f\u7b56\u4e0e\u89c4\u5b9a\uff09","publisher":{"@id":"https:\/\/workbao.net\/#organization"},"alternateName":"\u65e5\u672c\u6cd5\u9662\u62cd\u5356\u4e0d\u52a8\u4ea7\u4fe1\u606f\u7f51","potentialAction":[{"@type":"SearchAction","target":{"@type":"EntryPoint","urlTemplate":"https:\/\/workbao.net\/?s={search_term_string}"},"query-input":{"@type":"PropertyValueSpecification","valueRequired":true,"valueName":"search_term_string"}}],"inLanguage":"fr-FR"},{"@type":"Organization","@id":"https:\/\/workbao.net\/#organization","name":"\u51fa\u6d77\u8d22\u7ecf\u54a8\u8be2\uff08\u6df1\u5733\uff09\u6709\u9650\u516c\u53f8","url":"https:\/\/workbao.net\/","logo":{"@type":"ImageObject","inLanguage":"fr-FR","@id":"https:\/\/workbao.net\/#\/schema\/logo\/image\/","url":"https:\/\/workbao.net\/wp-content\/uploads\/2021\/07\/img2.png","contentUrl":"https:\/\/workbao.net\/wp-content\/uploads\/2021\/07\/img2.png","width":53,"height":55,"caption":"\u51fa\u6d77\u8d22\u7ecf\u54a8\u8be2\uff08\u6df1\u5733\uff09\u6709\u9650\u516c\u53f8"},"image":{"@id":"https:\/\/workbao.net\/#\/schema\/logo\/image\/"},"sameAs":["https:\/\/www.facebook.com\/profile.php?id=61567565904984"]}]}},"publishpress_future_workflow_manual_trigger":{"enabledWorkflows":[]},"rttpg_featured_image_url":{"full":["https:\/\/workbao.net\/wp-content\/uploads\/2024\/07\/63a3ecfb59efd460cdfae249045a564a.jpg",310,198,false],"landscape":["https:\/\/workbao.net\/wp-content\/uploads\/2024\/07\/63a3ecfb59efd460cdfae249045a564a.jpg",310,198,false],"portraits":["https:\/\/workbao.net\/wp-content\/uploads\/2024\/07\/63a3ecfb59efd460cdfae249045a564a.jpg",310,198,false],"thumbnail":["https:\/\/workbao.net\/wp-content\/uploads\/2024\/07\/63a3ecfb59efd460cdfae249045a564a-150x150.jpg",150,150,true],"medium":["https:\/\/workbao.net\/wp-content\/uploads\/2024\/07\/63a3ecfb59efd460cdfae249045a564a-300x192.jpg",300,192,true],"large":["https:\/\/workbao.net\/wp-content\/uploads\/2024\/07\/63a3ecfb59efd460cdfae249045a564a.jpg",310,198,false],"1536x1536":["https:\/\/workbao.net\/wp-content\/uploads\/2024\/07\/63a3ecfb59efd460cdfae249045a564a.jpg",310,198,false],"2048x2048":["https:\/\/workbao.net\/wp-content\/uploads\/2024\/07\/63a3ecfb59efd460cdfae249045a564a.jpg",310,198,false],"trp-custom-language-flag":["https:\/\/workbao.net\/wp-content\/uploads\/2024\/07\/63a3ecfb59efd460cdfae249045a564a.jpg",18,12,false],"mynote-thumbnail":["https:\/\/workbao.net\/wp-content\/uploads\/2024\/07\/63a3ecfb59efd460cdfae249045a564a.jpg",310,198,false],"mynote-medium":["https:\/\/workbao.net\/wp-content\/uploads\/2024\/07\/63a3ecfb59efd460cdfae249045a564a.jpg",310,198,false],"tenweb_optimizer_mobile":["https:\/\/workbao.net\/wp-content\/uploads\/2024\/07\/63a3ecfb59efd460cdfae249045a564a.jpg",310,198,false],"tenweb_optimizer_tablet":["https:\/\/workbao.net\/wp-content\/uploads\/2024\/07\/63a3ecfb59efd460cdfae249045a564a.jpg",310,198,false]},"rttpg_author":{"display_name":"qdshow","author_link":"https:\/\/workbao.net\/fr\/author\/qdshow\/"},"rttpg_comment":0,"rttpg_category":"","rttpg_excerpt":null,"_links":{"self":[{"href":"https:\/\/workbao.net\/fr\/wp-json\/wp\/v2\/pages\/3838","targetHints":{"allow":["GET"]}}],"collection":[{"href":"https:\/\/workbao.net\/fr\/wp-json\/wp\/v2\/pages"}],"about":[{"href":"https:\/\/workbao.net\/fr\/wp-json\/wp\/v2\/types\/page"}],"author":[{"embeddable":true,"href":"https:\/\/workbao.net\/fr\/wp-json\/wp\/v2\/users\/3"}],"replies":[{"embeddable":true,"href":"https:\/\/workbao.net\/fr\/wp-json\/wp\/v2\/comments?post=3838"}],"version-history":[{"count":0,"href":"https:\/\/workbao.net\/fr\/wp-json\/wp\/v2\/pages\/3838\/revisions"}],"wp:featuredmedia":[{"embeddable":true,"href":"https:\/\/workbao.net\/fr\/wp-json\/wp\/v2\/media\/13872"}],"wp:attachment":[{"href":"https:\/\/workbao.net\/fr\/wp-json\/wp\/v2\/media?parent=3838"}],"curies":[{"name":"wp","href":"https:\/\/api.w.org\/{rel}","templated":true}]}}